{"id":10580,"date":"2022-02-07T05:18:10","date_gmt":"2022-02-06T22:18:10","guid":{"rendered":"https:\/\/tracybee.vn\/?post_type=product&#038;p=10580"},"modified":"2025-06-17T13:41:52","modified_gmt":"2025-06-17T06:41:52","slug":"mat-ong-hoa-chom-chom-850g","status":"publish","type":"product","link":"https:\/\/tracybee.vn\/en\/mat-ong-hoa-chom-chom-850g\/","title":{"rendered":"M\u1eadt ong hoa ch\u00f4m ch\u00f4m Tracybee 850g"},"content":{"rendered":"<div id=\"bd_3\" class=\"com-struct\">\n<div id=\"bd_3_container_0\" class=\"com-struct\">\n<div>\n<div id=\"shell-com-1282334092\" class=\"J_module\">\n<div class=\"module-detailImageText\">\n<div>\n<div data-spm-anchor-id=\"a2o4n.pdp_revamp.product_detail.i2.5fc95121gTbVQR\">\n<h1 style=\"margin: 0in; background: white;\"><span style=\"color: #292b2c; background: white;\">M\u1eacT ONG HOA CH\u00d4M CH\u00d4M TRACYBEE \u2013 S\u1ee8C H\u1ea4P D\u1eaaN C\u1ee6A V\u1eba \u0110\u1eb8P TR\u01af\u1edeNG TH\u00c0NH<\/span><\/h1>\n<p>&nbsp;<\/p>\n<ol>\n<li>\n<h2><a href=\"https:\/\/www.facebook.com\/vietnamtracybee\/videos\/5485010901564472\" target=\"_blank\" rel=\"noopener\">M\u1eadt ong hoa ch\u00f4m ch\u00f4m<\/a> Tracybee \u0111\u01b0\u1ee3c khai th\u00e1c \u1edf \u0111\u00e2u?<\/h2>\n<\/li>\n<\/ol>\n<p>Nh\u1eefng v\u01b0\u1eddn ch\u00f4m ch\u00f4m b\u1ea1t ng\u00e0n t\u1ea1i khu v\u1ef1c \u0110\u00f4ng Nam B\u1ed9 l\u00e0 n\u01a1i khai sinh d\u00f2ng m\u1eadt ong ch\u00f4m ch\u00f4m Tracybee. T\u1eeb th\u00e1ng 4 \u0111\u1ebfn th\u00e1ng 6, hoa ch\u00f4m ch\u00f4m b\u1eaft \u0111\u1ea7u n\u1edf r\u1ed9 kh\u1eafp n\u01a1i l\u00e0 l\u00fac nh\u1eefng nh\u00e2n vi\u00ean c\u00f3 c\u00e1nh ch\u0103m ch\u1ec9 c\u1ee7a ch\u00fang t\u00f4i th\u1ef1c hi\u1ec7n c\u00f4ng vi\u1ec7c thu ho\u1ea1ch v\u00e0 t\u1ea1o m\u1eadt. Ch\u00ednh th\u1ed5 nh\u01b0\u1ee1ng v\u00e0 kh\u00ed h\u1eadu \u0111\u1eb7c s\u1ec7t c\u1ee7a mi\u1ec1n nhi\u1ec7t \u0111\u1edbi \u0111\u00e3 ki\u1ebfn t\u1ea1o ra s\u1ef1 \u0111\u1ed9c \u0111\u00e1o ch\u1ec9 c\u00f3 \u1edf m\u1eadt ong hoa ch\u00f4m ch\u00f4m c\u1ee7a ch\u00fang t\u00f4i.<\/p>\n<ol start=\"2\">\n<li>\n<h2>V\u1ecb c\u1ee7a m\u1eadt ong hoa ch\u00f4m ch\u00f4m Tracybee th\u1ebf n\u00e0o?<\/h2>\n<\/li>\n<\/ol>\n<p>Lo\u1ea1i m\u1eadt n\u00e0y th\u01b0\u1eddng \u0111\u01b0\u1ee3c ch\u00fang t\u00f4i v\u00ed nh\u01b0 c\u00f4 g\u00e1i tr\u01b0\u1edfng th\u00e0nh, d\u00e0y d\u1eb7n m\u1ecdi kinh nghi\u1ec7m, to\u00e1t ra th\u1ea7n th\u00e1i m\u00ea ng\u01b0\u1eddi. T\u1eebng d\u00f2ng m\u1eadt s\u00e1nh \u0111\u1eb7c mang tr\u00ean m\u00ecnh m\u00e0u h\u1ed5 ph\u00e1ch s\u1eabm quy\u1ebfn r\u0169, h\u00f2a quy\u1ec7n c\u00f9ng v\u1ecb ng\u1ecdt \u0111\u1eadm v\u00e0 h\u01b0\u01a1ng th\u01a1m n\u1ed3ng n\u00e0n ch\u1eafc ch\u1eafn s\u1ebd khi\u1ebfn v\u1ecb gi\u00e1c c\u1ee7a b\u1ea1n b\u00f9ng n\u1ed5 sau l\u1ea7n n\u1ebfm th\u1eed \u0111\u1ea7u ti\u00ean.<\/p>\n<ol start=\"3\">\n<li>\n<h2>C\u00e1ch s\u1eed d\u1ee5ng ph\u00f9 h\u1ee3p v\u1edbi m\u1eadt ong hoa ch\u00f4m ch\u00f4m Tracybee?<\/h2>\n<\/li>\n<\/ol>\n<p>B\u1edfi h\u01b0\u01a1ng v\u1ecb t\u01b0\u01a1ng \u0111\u1ed1i m\u1ea1nh, m\u1eadt ong ch\u00f4m ch\u00f4m Tracybee n\u00ean \u0111\u01b0\u1ee3c s\u1eed d\u1ee5ng trong c\u00e1c c\u00f4ng th\u1ee9c n\u1ea5u \u0103n \u0111\u1ec3 t\u0103ng th\u00eam ph\u1ea7n \u0111\u1eb7c bi\u1ec7t cho m\u00f3n \u0103n ho\u1eb7c b\u1ea1n c\u00f3 th\u1ec3 pha u\u1ed1ng chung v\u1edbi n\u01b0\u1edbc \u1ea5m v\u00e0o m\u1ed7i bu\u1ed5i s\u00e1ng \u0111\u1ec3 h\u1ea5p thu nh\u1eefng d\u01b0\u1ee1ng ch\u1ea5t dinh d\u01b0\u1ee1ng c\u00f3 l\u1ee3i cho c\u01a1 th\u1ec3.<\/p>\n<ol start=\"4\">\n<li>\n<h2>M\u1eadt ong hoa ch\u00f4m ch\u00f4m Tracybee c\u00f3 \u0111i\u1ec3m g\u00ec \u0111\u1eb7c bi\u1ec7t?<\/h2>\n<\/li>\n<\/ol>\n<p>L\u00fd do khi\u1ebfn s\u1ef1 \u0111\u1eb7c bi\u1ec7t c\u1ee7a <a href=\"https:\/\/tracybee.vn\/en\/mat-ong-hoa-chom-chom-600ml\/\">m\u1eadt ong ch\u00f4m ch\u00f4m Tracybee<\/a> t\u0103ng th\u00eam ph\u1ea7n thuy\u1ebft ph\u1ee5c b\u1edfi \u0111\u00e2y l\u00e0 s\u1ea3n ph\u1ea9m m\u1eadt ong Vi\u1ec7t Nam \u0111\u1ea7u ti\u00ean \u0111\u1ea1t gi\u1ea3i Platinum &#8211; gi\u1ea3i th\u01b0\u1edfng cao nh\u1ea5t t\u1ea1i London Honey Awards 2021 (Anh), cu\u1ed9c thi vinh danh v\u1ec1 ch\u1ea5t l\u01b0\u1ee3ng v\u00e0 h\u01b0\u01a1ng v\u1ecb c\u1ee7a t\u1ea5t c\u1ea3 c\u00e1c lo\u1ea1i m\u1eadt ong \u0111\u1ebfn t\u1eeb kh\u1eafp n\u01a1i tr\u00ean th\u1ebf gi\u1edbi.<\/p>\n<p><img fetchpriority=\"high\" decoding=\"async\" class=\"aligncenter wp-image-10850 size-full\" src=\"https:\/\/tracybee.vn\/wp-content\/uploads\/2022\/02\/Component-12-\u2013-1.jpg\" alt=\"m\u1eadt ong hoa ch\u00f4m ch\u00f4m 600ml\" width=\"925\" height=\"733\" srcset=\"https:\/\/tracybee.vn\/wp-content\/uploads\/2022\/02\/Component-12-\u2013-1.jpg 925w, https:\/\/tracybee.vn\/wp-content\/uploads\/2022\/02\/Component-12-\u2013-1-150x119.jpg 150w, https:\/\/tracybee.vn\/wp-content\/uploads\/2022\/02\/Component-12-\u2013-1-300x238.jpg 300w, https:\/\/tracybee.vn\/wp-content\/uploads\/2022\/02\/Component-12-\u2013-1-768x609.jpg 768w, https:\/\/tracybee.vn\/wp-content\/uploads\/2022\/02\/Component-12-\u2013-1-16x12.jpg 16w\" sizes=\"(max-width: 925px) 100vw, 925px\" \/><\/p>\n<p>Gi\u1ea3i th\u01b0\u1edfng danh gi\u00e1 kh\u00f4ng ch\u1ec9 gi\u00fap m\u1eadt ong \u00a0ch\u00f4m ch\u00f4m Tracybee s\u00e1nh ngang h\u00e0ng v\u1edbi c\u00e1c d\u00f2ng m\u1eadt ong n\u1ed5i ti\u1ebfng nh\u01b0 Manuka (New Zealand), Apimaye (Th\u1ed5 Nh\u0129 K\u1ef3), Apia Natura Parajes (T\u00e2y Ban Nha),&#8230; m\u00e0 c\u00f2n l\u00e0 l\u1eddi kh\u1eb3ng \u0111\u1ecbnh v\u1ec1 ch\u1ea5t l\u01b0\u1ee3ng c\u1ee7a m\u1eadt ong Vi\u1ec7t Nam tr\u00ean b\u1ea3n \u0111\u1ed3 m\u1eadt ong to\u00e0n c\u1ea7u.<\/p>\n<ol start=\"5\">\n<li>\n<h2>M\u1eadt ong hoa ch\u00f4m ch\u00f4m Tracybee c\u00f3 b\u1ecb k\u1ebft tinh kh\u00f4ng?<\/h2>\n<\/li>\n<\/ol>\n<p>Trong qu\u00e1 tr\u00ecnh s\u1eed d\u1ee5ng,<a href=\"https:\/\/www.facebook.com\/vietnamtracybee\" target=\"_blank\" rel=\"noopener\"> m\u1eadt ong<\/a> c\u00f3 th\u1ec3 b\u1ecb k\u1ebft tinh n\u1ebfu b\u1ea3o qu\u1ea3n \u1edf nhi\u1ec7t \u0111\u1ed9 6-20 \u0111\u1ed9, \u0111\u00e2y l\u00e0 hi\u1ec7n t\u01b0\u1ee3ng b\u00ecnh th\u01b0\u1eddng c\u1ee7a m\u1eadt ong v\u00e0 kh\u00f4ng \u1ea3nh h\u01b0\u1edfng \u0111\u1ebfn ch\u1ea5t l\u01b0\u1ee3ng c\u1ee7a s\u1ea3n ph\u1ea9m c\u0169ng nh\u01b0 t\u00e1c \u0111\u1ed9ng x\u1ea5u \u0111\u1ebfn s\u1ee9c kh\u1ecfe ng\u01b0\u1eddi d\u00f9ng.\u00a0Khoa h\u1ecdc qu\u1ed1c t\u1ebf \u0111\u00e3 ch\u1ee9ng minh m\u1eadt ong k\u1ebft tinh l\u00e0 d\u1ea5u hi\u1ec7u nh\u1eadn bi\u1ebft m\u1eadt ong t\u1ef1 nhi\u00ean, nguy\u00ean ch\u1ea5t v\u00e0 kh\u00f4ng qua x\u1eed l\u00fd nhi\u1ec7t. \u0110\u1ec3 m\u1eadt quay l\u1ea1i tr\u1ea1ng th\u00e1i l\u1ecfng nh\u01b0 ban \u0111\u1ea7u, ng\u01b0\u1eddi d\u00f9ng c\u00f3 th\u1ec3 ng\u00e2m chai m\u1eadt tr\u1ef1c ti\u1ebfp v\u00e0o n\u01b0\u1edbc \u1ea5m 70-80 \u0111\u1ed9 trong m\u1ed9t kho\u1ea3ng th\u1eddi gian.\u00a0N\u1ebfu b\u1ea1n \u0111ang t\u00ecm ki\u1ebfm cho m\u00ecnh m\u1ed9t tr\u1ea3i nghi\u1ec7m th\u00fa v\u1ecb, m\u1eadt hoa ch\u00f4m ch\u00f4m Tracybee \u0111\u00edch th\u1ef1c l\u00e0 m\u1ed9t l\u1ef1a ch\u1ecdn ho\u00e0n h\u1ea3o b\u1edfi h\u1ed9i t\u1ee5 trong m\u00ecnh nhi\u1ec1u t\u1ea7ng h\u01b0\u01a1ng v\u1ecb h\u1ea5p d\u1eabn, kh\u00f3 qu\u00ean.Ch\u1ebf ph\u1ea9m c\u00f3 nhi\u1ec1u dung t\u00edch v\u00e0 tr\u1ecdng l\u01b0\u1ee3ng ph\u00f9 h\u1ee3p v\u1edbi t\u1eebng nhu c\u1ea7u s\u1eed d\u1ee5ng c\u1ee7a b\u1ea1n.<\/p>\n<\/div>\n<\/div>\n<\/div>\n<\/div>\n<\/div>\n<\/div>\n<\/div>","protected":false},"excerpt":{"rendered":"<p>M\u1eadt ong hoa ch\u00f4m ch\u00f4m l\u00e0 d\u00f2ng m\u1eadt \u0111\u1eb7c bi\u1ec7t nh\u1ea5t c\u1ee7a Tracybee. Lo\u1ea1i m\u1eadt n\u00e0y c\u00f3 m\u00e0u h\u1ed5 ph\u00e1ch s\u1eabm quy\u1ebfn r\u0169 v\u00e0 v\u1ecb ng\u1ecdt v\u00e0 h\u01b0\u01a1ng th\u01a1m \u0111\u1eadm \u0111\u00e0, quy\u1ebfn r\u0169 khi\u1ebfn ai c\u0169ng m\u00ea m\u1ea9n, m\u1eadt ong ch\u00f4m ch\u00f4m Tracybee l\u00e0 m\u1eadt ong Vi\u1ec7t Nam \u0111\u1ea7u ti\u00ean \u0111\u1ea1t gi\u1ea3i Platinum &#8211; gi\u1ea3i th\u01b0\u1edfng cao nh\u1ea5t t\u1ea1i London Honey Awards 2021 (Anh), cu\u1ed9c thi vinh danh v\u1ec1 ch\u1ea5t l\u01b0\u1ee3ng v\u00e0 h\u01b0\u01a1ng v\u1ecb c\u1ee7a t\u1ea5t c\u1ea3 c\u00e1c lo\u1ea1i m\u1eadt ong \u0111\u1ebfn t\u1eeb kh\u1eafp n\u01a1i tr\u00ean th\u1ebf gi\u1edbi&#8230;.<\/p>","protected":false},"featured_media":15106,"template":"","meta":[],"product_cat":[241,316,237],"product_tag":[],"class_list":{"0":"post-10580","1":"product","2":"type-product","3":"status-publish","4":"has-post-thumbnail","6":"product_cat-san-pham-doat-giai","7":"product_cat-mat-ong-hoa-chom-chom","8":"product_cat-mat-ong-tracybee","10":"first","11":"instock","12":"shipping-taxable","13":"purchasable","14":"product-type-simple"},"acf":[],"_links":{"self":[{"href":"https:\/\/tracybee.vn\/en\/wp-json\/wp\/v2\/product\/10580","targetHints":{"allow":["GET"]}}],"collection":[{"href":"https:\/\/tracybee.vn\/en\/wp-json\/wp\/v2\/product"}],"about":[{"href":"https:\/\/tracybee.vn\/en\/wp-json\/wp\/v2\/types\/product"}],"version-history":[{"count":25,"href":"https:\/\/tracybee.vn\/en\/wp-json\/wp\/v2\/product\/10580\/revisions"}],"predecessor-version":[{"id":20580,"href":"https:\/\/tracybee.vn\/en\/wp-json\/wp\/v2\/product\/10580\/revisions\/20580"}],"wp:featuredmedia":[{"embeddable":true,"href":"https:\/\/tracybee.vn\/en\/wp-json\/wp\/v2\/media\/15106"}],"wp:attachment":[{"href":"https:\/\/tracybee.vn\/en\/wp-json\/wp\/v2\/media?parent=10580"}],"wp:term":[{"taxonomy":"product_cat","embeddable":true,"href":"https:\/\/tracybee.vn\/en\/wp-json\/wp\/v2\/product_cat?post=10580"},{"taxonomy":"product_tag","embeddable":true,"href":"https:\/\/tracybee.vn\/en\/wp-json\/wp\/v2\/product_tag?post=10580"}],"curies":[{"name":"wp","href":"https:\/\/api.w.org\/{rel}","templated":true}]}}